{"id":2891,"date":"2025-07-01T10:29:39","date_gmt":"2025-07-01T10:29:39","guid":{"rendered":"https:\/\/petelinbled.com\/?page_id=2891"},"modified":"2026-01-05T08:25:07","modified_gmt":"2026-01-05T08:25:07","slug":"pizza","status":"publish","type":"page","link":"https:\/\/petelinbled.com\/sl\/pizza\/","title":{"rendered":"Pizza"},"content":{"rendered":"\t\t<div data-elementor-type=\"wp-page\" data-elementor-id=\"2891\" class=\"elementor elementor-2891 elementor-2297\">\n\t\t\t\t<div class=\"elementor-element elementor-element-9b1de54 e-flex e-con-boxed lakit-col-width-auto-no e-container e-root-container elementor-top-section e-con e-parent\" data-id=\"9b1de54\" data-element_type=\"container\" data-settings=\"{&quot;background_background&quot;:&quot;classic&quot;}\">\n\t\t\t\t\t<div class=\"e-con-inner\">\n\t\t\t\t<div class=\"elementor-element elementor-element-f1a1803 lakit-breadcrumbs-page-title-yes lakit-breadcrumbs-align-center elementor-widget lastudio-kit elementor-lakit-breadcrumbs\" data-id=\"f1a1803\" data-element_type=\"widget\" data-widget_type=\"lakit-breadcrumbs.default\">\n\t\t\t\t\t\n\t\t<div class=\"lakit-breadcrumbs\"><h1 class=\"lakit-breadcrumbs__title\">MENI PICE<\/h1>\n\t\t<div class=\"lakit-breadcrumbs__content\">\n\t\t<div class=\"lakit-breadcrumbs__wrap\"><div class=\"lakit-breadcrumbs__item\"><span class=\"lakit-breadcrumbs__item-target\">MENI PICE<\/span><\/div>\n\t\t<\/div>\n\t\t<\/div>\n\t\t<\/div>\t\t\t\t<\/div>\n\t\t\t\t\t<\/div>\n\t\t\t\t<\/div>\n\t\t<div class=\"elementor-element elementor-element-0c6dc81 e-flex e-con-boxed lakit-col-width-auto-no e-container e-root-container elementor-top-section e-con e-parent\" data-id=\"0c6dc81\" data-element_type=\"container\">\n\t\t\t\t\t<div class=\"e-con-inner\">\n\t\t<div class=\"elementor-element elementor-element-bfd20f2 e-con-full e-flex lakit-col-width-auto-no e-container e-con e-child\" data-id=\"bfd20f2\" data-element_type=\"container\">\n\t\t\t\t<div class=\"elementor-element elementor-element-c2e514e elementor-widget elementor-widget-image\" data-id=\"c2e514e\" data-element_type=\"widget\" data-widget_type=\"image.default\">\n\t\t\t\t<div class=\"elementor-widget-container\">\n\t\t\t\t\t\t\t\t\t\t\t\t\t\t\t<img fetchpriority=\"high\" decoding=\"async\" width=\"720\" height=\"1080\" src=\"https:\/\/petelinbled.com\/wp-content\/uploads\/2025\/07\/DSC00684.jpg\" class=\"attachment-full size-full wp-image-2892\" alt=\"\" \/>\t\t\t\t\t\t\t\t\t\t\t\t\t\t\t<\/div>\n\t\t\t\t<\/div>\n\t\t\t\t<\/div>\n\t\t<div class=\"elementor-element elementor-element-68b5382 e-con-full e-flex lakit-col-width-auto-no e-container e-con e-child\" data-id=\"68b5382\" data-element_type=\"container\">\n\t\t\t\t<div class=\"elementor-element elementor-element-0ec3ece elementor-widget elementor-widget-heading\" data-id=\"0ec3ece\" data-element_type=\"widget\" data-widget_type=\"heading.default\">\n\t\t\t\t<div class=\"elementor-widget-container\">\n\t\t\t\t\t<div class=\"elementor-heading-title elementor-size-default\">Klasike<\/div>\t\t\t\t<\/div>\n\t\t\t\t<\/div>\n\t\t\t\t<div class=\"elementor-element elementor-element-dd9699d elementor-widget lastudio-kit elementor-lakit-price-list\" data-id=\"dd9699d\" data-element_type=\"widget\" data-widget_type=\"lakit-price-list.default\">\n\t\t\t\t\t\n<ul class=\"lakit-price-list\"><li class=\"price-list__item\"><div class=\"price-list__item-inner\"><div class=\"price-list__item-content\"><div class=\"price-list__item-title__wrapper\"><div class=\"price-list__item-title h4 theme-heading\">Grad<\/div><\/div><div class=\"price-list__item-desc\">Pelati, mocarela, parmezan, kuhan pr\u0161ut (tip Praga), sve\u017ei \u0161ampinjoni, olivno olje, bazilika. (1, 3)<\/div><\/div><div class=\"price-list__item-price\">12.40 EUR<\/div><\/div><\/li><li class=\"price-list__item\"><div class=\"price-list__item-inner\"><div class=\"price-list__item-content\"><div class=\"price-list__item-title__wrapper\"><div class=\"price-list__item-title h4 theme-heading\">Margherita<\/div><\/div><div class=\"price-list__item-desc\">Pelati, mocarela, parmezan, olivno olje, bazilika. (1, 3)<\/div><\/div><div class=\"price-list__item-price\">10.30 EUR<\/div><\/div><\/li><li class=\"price-list__item\"><div class=\"price-list__item-inner\"><div class=\"price-list__item-content\"><div class=\"price-list__item-title__wrapper\"><div class=\"price-list__item-title h4 theme-heading\">Salami<\/div><\/div><div class=\"price-list__item-desc\">Pelati, mocarela, suha salama, olivno olje. (1, 3, 14)<\/div><\/div><div class=\"price-list__item-price\">12.40 EUR<\/div><\/div><\/li><li class=\"price-list__item\"><div class=\"price-list__item-inner\"><div class=\"price-list__item-content\"><div class=\"price-list__item-title__wrapper\"><div class=\"price-list__item-title h4 theme-heading\">Tuna<\/div><\/div><div class=\"price-list__item-desc\">Pelati, mocarela, parmezan, tuna, \u010de\u0161njev paradi\u017enik, rde\u010da \u010debula, origano. (1, 3, 4, 10, 14)<\/div><\/div><div class=\"price-list__item-price\">13.90 EUR<\/div><\/div><\/li><li class=\"price-list__item\"><div class=\"price-list__item-inner\"><div class=\"price-list__item-content\"><div class=\"price-list__item-title__wrapper\"><div class=\"price-list__item-title h4 theme-heading\">4 siri<\/div><\/div><div class=\"price-list__item-desc\">Pelati, mocarela, parmezan, nacho sir, gorgonzola, olivno olje, bazilika. (1, 3, 14)<\/div><\/div><div class=\"price-list__item-price\">13.50 EUR<\/div><\/div><\/li><li class=\"price-list__item\"><div class=\"price-list__item-inner\"><div class=\"price-list__item-content\"><div class=\"price-list__item-title__wrapper\"><div class=\"price-list__item-title h4 theme-heading\">Vegi<\/div><\/div><div class=\"price-list__item-desc\">Pelati, mocarela, parmezan, zelenjava na \u017earu (paprika, bu\u010dke, melancani), \u010de\u0161njev paradi\u017enik, \u0161ampijoni, balzami\u010dna glazura. (1, 3, 14)<\/div><\/div><div class=\"price-list__item-price\">12.80 EUR<\/div><\/div><\/li><li class=\"price-list__item\"><div class=\"price-list__item-inner\"><div class=\"price-list__item-content\"><div class=\"price-list__item-title__wrapper\"><div class=\"price-list__item-title h4 theme-heading\">Kranjska<\/div><\/div><div class=\"price-list__item-desc\">Pelati, mocarela, parmezan, kranjska klobasa, gorgonzola, rde\u010da \u010debula, bazilika. (1, 3, 10)<\/div><\/div><div class=\"price-list__item-price\">13.50 EUR<\/div><\/div><\/li><\/ul>\t\t\t\t<\/div>\n\t\t\t\t<\/div>\n\t\t\t\t\t<\/div>\n\t\t\t\t<\/div>\n\t\t<div class=\"elementor-element elementor-element-e269ad8 e-flex e-con-boxed lakit-col-width-auto-no e-container e-root-container elementor-top-section e-con e-parent\" data-id=\"e269ad8\" data-element_type=\"container\" data-settings=\"{&quot;background_background&quot;:&quot;classic&quot;}\">\n\t\t\t\t\t<div class=\"e-con-inner\">\n\t\t<div class=\"elementor-element elementor-element-8030c73 e-con-full e-flex lakit-col-width-auto-no e-container e-con e-child\" data-id=\"8030c73\" data-element_type=\"container\">\n\t\t\t\t<div class=\"elementor-element elementor-element-bf94efb elementor-widget elementor-widget-image\" data-id=\"bf94efb\" data-element_type=\"widget\" data-widget_type=\"image.default\">\n\t\t\t\t<div class=\"elementor-widget-container\">\n\t\t\t\t\t\t\t\t\t\t\t\t\t\t\t<img decoding=\"async\" width=\"720\" height=\"1080\" src=\"https:\/\/petelinbled.com\/wp-content\/uploads\/2025\/07\/DSC01169-Edit.jpg\" class=\"attachment-full size-full wp-image-2893\" alt=\"\" \/>\t\t\t\t\t\t\t\t\t\t\t\t\t\t\t<\/div>\n\t\t\t\t<\/div>\n\t\t\t\t<\/div>\n\t\t<div class=\"elementor-element elementor-element-e10465b e-con-full e-flex lakit-col-width-auto-no e-container e-con e-child\" data-id=\"e10465b\" data-element_type=\"container\">\n\t\t\t\t<div class=\"elementor-element elementor-element-053352b elementor-widget elementor-widget-heading\" data-id=\"053352b\" data-element_type=\"widget\" data-widget_type=\"heading.default\">\n\t\t\t\t<div class=\"elementor-widget-container\">\n\t\t\t\t\t<div class=\"elementor-heading-title elementor-size-default\">Posebne<\/div>\t\t\t\t<\/div>\n\t\t\t\t<\/div>\n\t\t\t\t<div class=\"elementor-element elementor-element-987d1c3 elementor-widget lastudio-kit elementor-lakit-price-list\" data-id=\"987d1c3\" data-element_type=\"widget\" data-widget_type=\"lakit-price-list.default\">\n\t\t\t\t\t\n<ul class=\"lakit-price-list\"><li class=\"price-list__item\"><div class=\"price-list__item-inner\"><div class=\"price-list__item-content\"><div class=\"price-list__item-title__wrapper\"><div class=\"price-list__item-title h4 theme-heading\">Mortadella<\/div><\/div><div class=\"price-list__item-desc\">Pistacijeva krema, mocarela, mortadela Bologna s pistacijo, burrata, bazilika, olivno olje, drobljene pistacije. (1, 3, 8)<\/div><\/div><div class=\"price-list__item-price\">13.90 EUR<\/div><\/div><\/li><li class=\"price-list__item\"><div class=\"price-list__item-inner\"><div class=\"price-list__item-content\"><div class=\"price-list__item-title__wrapper\"><div class=\"price-list__item-title h4 theme-heading\">Br\u017eola<\/div><\/div><div class=\"price-list__item-desc\">Pelati, mocarela, parmezan, rukola, bresaola, listi\u010di parmezana, \u010de\u0161njev paradi\u017enik, balzami\u010dna glazura, olivno olje. (1, 3, 14)<\/div><\/div><div class=\"price-list__item-price\">15.20 EUR<\/div><\/div><\/li><li class=\"price-list__item\"><div class=\"price-list__item-inner\"><div class=\"price-list__item-content\"><div class=\"price-list__item-title__wrapper\"><div class=\"price-list__item-title h4 theme-heading\">Crudo<\/div><\/div><div class=\"price-list__item-desc\">Pelati, mocarela, parmezan, pr\u0161ut, burrata, bazilika, olivno olje. (1, 3)<\/div><\/div><div class=\"price-list__item-price\">14.90 EUR<\/div><\/div><\/li><li class=\"price-list__item\"><div class=\"price-list__item-inner\"><div class=\"price-list__item-content\"><div class=\"price-list__item-title__wrapper\"><div class=\"price-list__item-title h4 theme-heading\">Petelin<\/div><\/div><div class=\"price-list__item-desc\">Pelati, mocarela, parmezan, pikantna salama, 'nduja, peperoncini agrodolce, stracciatella, bazilika, olivno olje. (1, 3, 14)<\/div><\/div><div class=\"price-list__item-price\">14.10 EUR<\/div><\/div><\/li><li class=\"price-list__item\"><div class=\"price-list__item-inner\"><div class=\"price-list__item-content\"><div class=\"price-list__item-title__wrapper\"><div class=\"price-list__item-title h4 theme-heading\">Pokljuka<\/div><\/div><div class=\"price-list__item-desc\">Pelati, mocarela, parmezan, jur\u010dki, panceta, bazilika, olivno olje. 1, 3)<\/div><\/div><div class=\"price-list__item-price\">14.90 EUR<\/div><\/div><\/li><\/ul>\t\t\t\t<\/div>\n\t\t\t\t<\/div>\n\t\t\t\t\t<\/div>\n\t\t\t\t<\/div>\n\t\t<div class=\"elementor-element elementor-element-fad2158 e-flex e-con-boxed lakit-col-width-auto-no e-container e-root-container elementor-top-section e-con e-parent\" data-id=\"fad2158\" data-element_type=\"container\">\n\t\t\t\t\t<div class=\"e-con-inner\">\n\t\t<div class=\"elementor-element elementor-element-f2ba7b1 e-con-full e-flex lakit-col-width-auto-no e-container e-con e-child\" data-id=\"f2ba7b1\" data-element_type=\"container\">\n\t\t\t\t<div class=\"elementor-element elementor-element-5c5ebf6 elementor-widget elementor-widget-image\" data-id=\"5c5ebf6\" data-element_type=\"widget\" data-widget_type=\"image.default\">\n\t\t\t\t<div class=\"elementor-widget-container\">\n\t\t\t\t\t\t\t\t\t\t\t\t\t\t\t<img decoding=\"async\" width=\"720\" height=\"1080\" src=\"https:\/\/petelinbled.com\/wp-content\/uploads\/2025\/07\/DSC00763.jpg\" class=\"attachment-full size-full wp-image-2894\" alt=\"\" \/>\t\t\t\t\t\t\t\t\t\t\t\t\t\t\t<\/div>\n\t\t\t\t<\/div>\n\t\t\t\t<\/div>\n\t\t<div class=\"elementor-element elementor-element-fc57784 e-con-full e-flex lakit-col-width-auto-no e-container e-con e-child\" data-id=\"fc57784\" data-element_type=\"container\">\n\t\t\t\t<div class=\"elementor-element elementor-element-8324801 elementor-widget lastudio-kit elementor-lakit-price-list\" data-id=\"8324801\" data-element_type=\"widget\" data-widget_type=\"lakit-price-list.default\">\n\t\t\t\t\t\n<ul class=\"lakit-price-list\"><li class=\"price-list__item\"><div class=\"price-list__item-inner\"><div class=\"price-list__item-content\"><div class=\"price-list__item-title__wrapper\"><div class=\"price-list__item-title h4 theme-heading\">Mehi\u0161ka<\/div><\/div><div class=\"price-list__item-desc\">Salsa, mocarela, hambur\u0161ka slanina, zelenjava na \u017earu (paprika, bu\u010dke, melancani), nacho sir, \u010de\u0161njev paradi\u017enik, jalapenos. (1, 2, 3, 6, 14)<\/div><\/div><div class=\"price-list__item-price\">14.10 EUR<\/div><\/div><\/li><li class=\"price-list__item\"><div class=\"price-list__item-inner\"><div class=\"price-list__item-content\"><div class=\"price-list__item-title__wrapper\"><div class=\"price-list__item-title h4 theme-heading\">Michael<\/div><\/div><div class=\"price-list__item-desc\">Pelati, mocarela, parmezan, kuhan pr\u0161ut, mlada \u0161pina\u010da, jaj\u010dni preliv, gorgonzola, olivno olje. (1, 3)<\/div><\/div><div class=\"price-list__item-price\">13.90 EUR<\/div><\/div><\/li><li class=\"price-list__item\"><div class=\"price-list__item-inner\"><div class=\"price-list__item-content\"><div class=\"price-list__item-title__wrapper\"><div class=\"price-list__item-title h4 theme-heading\">Vegan<\/div><\/div><div class=\"price-list__item-desc\">Pelati, veganski sir, zelenjava na \u017earu (paprika, bu\u010dke, melancani), sve\u017ei \u0161ampinjoni, \u010de\u0161njev paradi\u017enik, balzami\u010dna glazura. (1, 14)<\/div><\/div><div class=\"price-list__item-price\">15.50 EUR<\/div><\/div><\/li><li class=\"price-list__item\"><div class=\"price-list__item-inner\"><div class=\"price-list__item-content\"><div class=\"price-list__item-title__wrapper\"><div class=\"price-list__item-title h4 theme-heading\">Tim<\/div><\/div><div class=\"price-list__item-desc\">Pelati, mocarela, parmezan, prekajen vratnik, hren, pe\u010dena paprika. (1, 3, 14)<\/div><\/div><div class=\"price-list__item-price\">13.90 EUR<\/div><\/div><\/li><\/ul>\t\t\t\t<\/div>\n\t\t\t\t<\/div>\n\t\t\t\t\t<\/div>\n\t\t\t\t<\/div>\n\t\t<div class=\"elementor-element elementor-element-e948368 e-con-full elementor-hidden-desktop elementor-hidden-laptop elementor-hidden-tablet elementor-hidden-mobile_extra elementor-hidden-mobile e-flex lakit-col-width-auto-no e-container e-root-container elementor-top-section e-con e-parent\" data-id=\"e948368\" data-element_type=\"container\" data-settings=\"{&quot;background_background&quot;:&quot;classic&quot;}\">\n\t\t<div class=\"elementor-element elementor-element-e754a0c e-con-full e-flex lakit-col-width-auto-no e-container e-con e-child\" data-id=\"e754a0c\" data-element_type=\"container\">\n\t\t\t\t<div class=\"elementor-element elementor-element-0c31c00 elementor-widget__width-inherit elementor-widget elementor-widget-heading\" data-id=\"0c31c00\" data-element_type=\"widget\" data-widget_type=\"heading.default\">\n\t\t\t\t<div class=\"elementor-widget-container\">\n\t\t\t\t\t<div class=\"elementor-heading-title elementor-size-default\">VISIT US:<\/div>\t\t\t\t<\/div>\n\t\t\t\t<\/div>\n\t\t\t\t<div class=\"elementor-element elementor-element-cee6e24 elementor-align-center elementor-icon-list--layout-traditional elementor-list-item-link-full_width elementor-widget elementor-widget-icon-list\" data-id=\"cee6e24\" data-element_type=\"widget\" data-widget_type=\"icon-list.default\">\n\t\t\t\t<div class=\"elementor-widget-container\">\n\t\t\t\t\t\t\t<ul class=\"elementor-icon-list-items\">\n\t\t\t\t\t\t\t<li class=\"elementor-icon-list-item\">\n\t\t\t\t\t\t\t\t\t\t<span class=\"elementor-icon-list-text\">4517 Washington Ave. Manchester, Kentucky 39495<\/span>\n\t\t\t\t\t\t\t\t\t<\/li>\n\t\t\t\t\t\t\t\t<li class=\"elementor-icon-list-item\">\n\t\t\t\t\t\t\t\t\t\t<span class=\"elementor-icon-list-text\">2464 Royal Ln. Mesa, New Jersey 45463<\/span>\n\t\t\t\t\t\t\t\t\t<\/li>\n\t\t\t\t\t\t<\/ul>\n\t\t\t\t\t\t<\/div>\n\t\t\t\t<\/div>\n\t\t\t\t<div class=\"elementor-element elementor-element-a3c6bcc elementor-widget__width-inherit elementor-widget elementor-widget-heading\" data-id=\"a3c6bcc\" data-element_type=\"widget\" data-widget_type=\"heading.default\">\n\t\t\t\t<div class=\"elementor-widget-container\">\n\t\t\t\t\t<div class=\"elementor-heading-title elementor-size-default\">CONTACT:<\/div>\t\t\t\t<\/div>\n\t\t\t\t<\/div>\n\t\t\t\t<div class=\"elementor-element elementor-element-f163bb3 elementor-icon-list--layout-inline elementor-align-center elementor-list-item-link-full_width elementor-widget elementor-widget-icon-list\" data-id=\"f163bb3\" data-element_type=\"widget\" data-widget_type=\"icon-list.default\">\n\t\t\t\t<div class=\"elementor-widget-container\">\n\t\t\t\t\t\t\t<ul class=\"elementor-icon-list-items elementor-inline-items\">\n\t\t\t\t\t\t\t<li class=\"elementor-icon-list-item elementor-inline-item\">\n\t\t\t\t\t\t\t\t\t\t\t<a href=\"#\">\n\n\t\t\t\t\t\t\t\t\t\t\t<span class=\"elementor-icon-list-text\">(303) 555-0105<\/span>\n\t\t\t\t\t\t\t\t\t\t\t<\/a>\n\t\t\t\t\t\t\t\t\t<\/li>\n\t\t\t\t\t\t\t\t<li class=\"elementor-icon-list-item elementor-inline-item\">\n\t\t\t\t\t\t\t\t\t\t\t<a href=\"#\">\n\n\t\t\t\t\t\t\t\t\t\t\t<span class=\"elementor-icon-list-text\">(702) 555-0122<\/span>\n\t\t\t\t\t\t\t\t\t\t\t<\/a>\n\t\t\t\t\t\t\t\t\t<\/li>\n\t\t\t\t\t\t<\/ul>\n\t\t\t\t\t\t<\/div>\n\t\t\t\t<\/div>\n\t\t\t\t<div class=\"elementor-element elementor-element-4867503 elementor-widget__width-inherit elementor-widget elementor-widget-heading\" data-id=\"4867503\" data-element_type=\"widget\" data-widget_type=\"heading.default\">\n\t\t\t\t<div class=\"elementor-widget-container\">\n\t\t\t\t\t<div class=\"elementor-heading-title elementor-size-default\">EMAIL:<\/div>\t\t\t\t<\/div>\n\t\t\t\t<\/div>\n\t\t\t\t<div class=\"elementor-element elementor-element-0890d76 elementor-align-center elementor-icon-list--layout-traditional elementor-list-item-link-full_width elementor-widget elementor-widget-icon-list\" data-id=\"0890d76\" data-element_type=\"widget\" data-widget_type=\"icon-list.default\">\n\t\t\t\t<div class=\"elementor-widget-container\">\n\t\t\t\t\t\t\t<ul class=\"elementor-icon-list-items\">\n\t\t\t\t\t\t\t<li class=\"elementor-icon-list-item\">\n\t\t\t\t\t\t\t\t\t\t\t<a href=\"#\">\n\n\t\t\t\t\t\t\t\t\t\t\t<span class=\"elementor-icon-list-text\">Info@la-studioweb.com<\/span>\n\t\t\t\t\t\t\t\t\t\t\t<\/a>\n\t\t\t\t\t\t\t\t\t<\/li>\n\t\t\t\t\t\t<\/ul>\n\t\t\t\t\t\t<\/div>\n\t\t\t\t<\/div>\n\t\t\t\t<\/div>\n\t\t<div class=\"elementor-element elementor-element-65d8684 e-con-full e-flex lakit-col-width-auto-no e-container e-con e-child\" data-id=\"65d8684\" data-element_type=\"container\">\n\t\t\t\t<div class=\"elementor-element elementor-element-66c88e1 elementor-widget lastudio-kit elementor-lakit-google-maps\" data-id=\"66c88e1\" data-element_type=\"widget\" data-widget_type=\"lakit-google-maps.default\">\n\t\t\t\t\t<div class=\"lakit-gmap lakit-gmap-message\"><div class=\"lakit-gmap-message__dammy-map\"><\/div><span class=\"lakit-gmap-message__text\">Please set Google maps API key before using this widget.<\/span><\/div>\t\t\t\t<\/div>\n\t\t\t\t<\/div>\n\t\t\t\t<\/div>\n\t\t<div class=\"elementor-element elementor-element-34b60c9 e-flex e-con-boxed lakit-col-width-auto-no e-container e-root-container elementor-top-section e-con e-parent\" data-id=\"34b60c9\" data-element_type=\"container\">\n\t\t\t\t\t<div class=\"e-con-inner\">\n\t\t<div class=\"elementor-element elementor-element-1d22d22 e-con-full e-flex lakit-col-width-auto-no e-container e-con e-child\" data-id=\"1d22d22\" data-element_type=\"container\">\n\t\t\t\t<div class=\"elementor-element elementor-element-268fc3e elementor-widget elementor-widget-heading\" data-id=\"268fc3e\" data-element_type=\"widget\" data-widget_type=\"heading.default\">\n\t\t\t\t<div class=\"elementor-widget-container\">\n\t\t\t\t\t<h3 class=\"elementor-heading-title elementor-size-default\">Seznam alergenov<\/h3>\t\t\t\t<\/div>\n\t\t\t\t<\/div>\n\t\t\t\t<\/div>\n\t\t<div class=\"elementor-element elementor-element-8acbf88 e-con-full e-flex lakit-col-width-auto-no e-container e-con e-child\" data-id=\"8acbf88\" data-element_type=\"container\">\n\t\t\t\t<div class=\"elementor-element elementor-element-d10b698 elementor-mobile-align-center elementor-widget elementor-widget-button\" data-id=\"d10b698\" data-element_type=\"widget\" data-widget_type=\"button.default\">\n\t\t\t\t<div class=\"elementor-widget-container\">\n\t\t\t\t\t\t\t\t\t<div class=\"elementor-button-wrapper\">\n\t\t\t\t\t<a class=\"elementor-button elementor-button-link elementor-size-sm\" href=\"https:\/\/petelinbled.com\/wp-content\/uploads\/2026\/01\/Jedilni_List_Gostisce_Petelin_ALERGENI.pdf\">\n\t\t\t\t\t\t<span class=\"elementor-button-content-wrapper\">\n\t\t\t\t\t\t\t\t\t<span class=\"elementor-button-text\">Alergeni<\/span>\n\t\t\t\t\t<\/span>\n\t\t\t\t\t<\/a>\n\t\t\t\t<\/div>\n\t\t\t\t\t\t\t\t<\/div>\n\t\t\t\t<\/div>\n\t\t\t\t<\/div>\n\t\t\t\t\t<\/div>\n\t\t\t\t<\/div>\n\t\t\t\t<\/div>\n\t\t","protected":false},"excerpt":{"rendered":"<p>MENI PICE MENI PICE Klasike GradPelati, mocarela, parmezan, kuhan pr\u0161ut (tip Praga), sve\u017ei \u0161ampinjoni, olivno olje, bazilika. (1, 3)12.40 EUR MargheritaPelati, mocarela, parmezan, olivno olje, bazilika. (1, 3)10.30 EUR SalamiPelati, mocarela, suha salama, olivno olje. (1, 3, 14)12.40 EUR TunaPelati, mocarela, parmezan, tuna, \u010de\u0161njev paradi\u017enik, rde\u010da \u010debula, origano. (1, 3, 4,&hellip;<\/p>\n","protected":false},"author":1,"featured_media":0,"parent":0,"menu_order":0,"comment_status":"closed","ping_status":"closed","template":"","meta":{"footnotes":""},"class_list":["post-2891","page","type-page","status-publish","hentry"],"_links":{"self":[{"href":"https:\/\/petelinbled.com\/sl\/wp-json\/wp\/v2\/pages\/2891","targetHints":{"allow":["GET"]}}],"collection":[{"href":"https:\/\/petelinbled.com\/sl\/wp-json\/wp\/v2\/pages"}],"about":[{"href":"https:\/\/petelinbled.com\/sl\/wp-json\/wp\/v2\/types\/page"}],"author":[{"embeddable":true,"href":"https:\/\/petelinbled.com\/sl\/wp-json\/wp\/v2\/users\/1"}],"replies":[{"embeddable":true,"href":"https:\/\/petelinbled.com\/sl\/wp-json\/wp\/v2\/comments?post=2891"}],"version-history":[{"count":52,"href":"https:\/\/petelinbled.com\/sl\/wp-json\/wp\/v2\/pages\/2891\/revisions"}],"predecessor-version":[{"id":4696,"href":"https:\/\/petelinbled.com\/sl\/wp-json\/wp\/v2\/pages\/2891\/revisions\/4696"}],"wp:attachment":[{"href":"https:\/\/petelinbled.com\/sl\/wp-json\/wp\/v2\/media?parent=2891"}],"curies":[{"name":"wp","href":"https:\/\/api.w.org\/{rel}","templated":true}]}}