{"id":4253,"date":"2025-07-01T10:29:39","date_gmt":"2025-07-01T10:29:39","guid":{"rendered":"https:\/\/petelinbled.com\/?page_id=4253"},"modified":"2025-12-30T12:47:13","modified_gmt":"2025-12-30T12:47:13","slug":"pizzen","status":"publish","type":"page","link":"https:\/\/petelinbled.com\/de\/pizzen\/","title":{"rendered":"Pizzen"},"content":{"rendered":"\t\t<div data-elementor-type=\"wp-page\" data-elementor-id=\"4253\" class=\"elementor elementor-4253 elementor-2297\">\n\t\t\t\t<div class=\"elementor-element elementor-element-9b1de54 e-flex e-con-boxed lakit-col-width-auto-no e-container e-root-container elementor-top-section e-con e-parent\" data-id=\"9b1de54\" data-element_type=\"container\" data-settings=\"{&quot;background_background&quot;:&quot;classic&quot;}\">\n\t\t\t\t\t<div class=\"e-con-inner\">\n\t\t\t\t<div class=\"elementor-element elementor-element-f1a1803 lakit-breadcrumbs-page-title-yes lakit-breadcrumbs-align-center elementor-widget lastudio-kit elementor-lakit-breadcrumbs\" data-id=\"f1a1803\" data-element_type=\"widget\" data-widget_type=\"lakit-breadcrumbs.default\">\n\t\t\t\t\t\n\t\t<div class=\"lakit-breadcrumbs\"><h1 class=\"lakit-breadcrumbs__title\">PIZZEN<\/h1>\n\t\t<div class=\"lakit-breadcrumbs__content\">\n\t\t<div class=\"lakit-breadcrumbs__wrap\"><div class=\"lakit-breadcrumbs__item\"><span class=\"lakit-breadcrumbs__item-target\">PIZZEN<\/span><\/div>\n\t\t<\/div>\n\t\t<\/div>\n\t\t<\/div>\t\t\t\t<\/div>\n\t\t\t\t\t<\/div>\n\t\t\t\t<\/div>\n\t\t<div class=\"elementor-element elementor-element-0c6dc81 e-flex e-con-boxed lakit-col-width-auto-no e-container e-root-container elementor-top-section e-con e-parent\" data-id=\"0c6dc81\" data-element_type=\"container\">\n\t\t\t\t\t<div class=\"e-con-inner\">\n\t\t<div class=\"elementor-element elementor-element-bfd20f2 e-con-full e-flex lakit-col-width-auto-no e-container e-con e-child\" data-id=\"bfd20f2\" data-element_type=\"container\">\n\t\t\t\t<div class=\"elementor-element elementor-element-c2e514e elementor-widget elementor-widget-image\" data-id=\"c2e514e\" data-element_type=\"widget\" data-widget_type=\"image.default\">\n\t\t\t\t<div class=\"elementor-widget-container\">\n\t\t\t\t\t\t\t\t\t\t\t\t\t\t\t<img fetchpriority=\"high\" decoding=\"async\" width=\"720\" height=\"1080\" src=\"https:\/\/petelinbled.com\/wp-content\/uploads\/2025\/07\/DSC00684.jpg\" class=\"attachment-full size-full wp-image-4217\" alt=\"\" \/>\t\t\t\t\t\t\t\t\t\t\t\t\t\t\t<\/div>\n\t\t\t\t<\/div>\n\t\t\t\t<\/div>\n\t\t<div class=\"elementor-element elementor-element-68b5382 e-con-full e-flex lakit-col-width-auto-no e-container e-con e-child\" data-id=\"68b5382\" data-element_type=\"container\">\n\t\t\t\t<div class=\"elementor-element elementor-element-0ec3ece elementor-widget elementor-widget-heading\" data-id=\"0ec3ece\" data-element_type=\"widget\" data-widget_type=\"heading.default\">\n\t\t\t\t<div class=\"elementor-widget-container\">\n\t\t\t\t\t<div class=\"elementor-heading-title elementor-size-default\">Klassische Pizzen<\/div>\t\t\t\t<\/div>\n\t\t\t\t<\/div>\n\t\t\t\t<div class=\"elementor-element elementor-element-dd9699d elementor-widget lastudio-kit elementor-lakit-price-list\" data-id=\"dd9699d\" data-element_type=\"widget\" data-widget_type=\"lakit-price-list.default\">\n\t\t\t\t\t\n<ul class=\"lakit-price-list\"><li class=\"price-list__item\"><div class=\"price-list__item-inner\"><div class=\"price-list__item-content\"><div class=\"price-list__item-title__wrapper\"><div class=\"price-list__item-title h4 theme-heading\">Grad<\/div><\/div><div class=\"price-list__item-desc\">Tomatensauce, Mozzarella, Parmesan, gekochter Schinken (Typ Praga), frische Champignons, Oliven\u00f6l, Basilikum.<\/div><\/div><div class=\"price-list__item-price\">12.40 EUR<\/div><\/div><\/li><li class=\"price-list__item\"><div class=\"price-list__item-inner\"><div class=\"price-list__item-content\"><div class=\"price-list__item-title__wrapper\"><div class=\"price-list__item-title h4 theme-heading\">Margherita<\/div><\/div><div class=\"price-list__item-desc\">Tomatensauce, Mozzarella, Parmesan, Oliven\u00f6l, Basilikum.<\/div><\/div><div class=\"price-list__item-price\">10.30 EUR<\/div><\/div><\/li><li class=\"price-list__item\"><div class=\"price-list__item-inner\"><div class=\"price-list__item-content\"><div class=\"price-list__item-title__wrapper\"><div class=\"price-list__item-title h4 theme-heading\">Salami<\/div><\/div><div class=\"price-list__item-desc\">Tomatensauce, Mozzarella, luftgetrocknete Salami, Oliven\u00f6l.<\/div><\/div><div class=\"price-list__item-price\">12.40 EUR<\/div><\/div><\/li><li class=\"price-list__item\"><div class=\"price-list__item-inner\"><div class=\"price-list__item-content\"><div class=\"price-list__item-title__wrapper\"><div class=\"price-list__item-title h4 theme-heading\">Tonno<\/div><\/div><div class=\"price-list__item-desc\">Tomatensauce, Mozzarella, Parmesan, Thunfisch, Cherrytomaten, rote Zwiebel, Oregano.<\/div><\/div><div class=\"price-list__item-price\">13.90 EUR<\/div><\/div><\/li><li class=\"price-list__item\"><div class=\"price-list__item-inner\"><div class=\"price-list__item-content\"><div class=\"price-list__item-title__wrapper\"><div class=\"price-list__item-title h4 theme-heading\">4 K\u00e4se<\/div><\/div><div class=\"price-list__item-desc\">Mozzarella, Parmesan, Nachok\u00e4se, Gorgonzola, Oliven\u00f6l.<\/div><\/div><div class=\"price-list__item-price\">13.50 EUR<\/div><\/div><\/li><li class=\"price-list__item\"><div class=\"price-list__item-inner\"><div class=\"price-list__item-content\"><div class=\"price-list__item-title__wrapper\"><div class=\"price-list__item-title h4 theme-heading\">Vege<\/div><\/div><div class=\"price-list__item-desc\">Tomatensauce, Mozzarella, Parmesan, gegrilltes Gem\u00fcse (Paprika, Zucchini, Auberginen), Cherrytomaten, Balsamicoglasur.<\/div><\/div><div class=\"price-list__item-price\">12.80 EUR<\/div><\/div><\/li><li class=\"price-list__item\"><div class=\"price-list__item-inner\"><div class=\"price-list__item-content\"><div class=\"price-list__item-title__wrapper\"><div class=\"price-list__item-title h4 theme-heading\">Kranjska<\/div><\/div><div class=\"price-list__item-desc\">Tomatensauce, Mozzarella, Parmesan, Krainerwurst, Gorgonzola, rote Zwiebel.<\/div><\/div><div class=\"price-list__item-price\">13.50 EUR<\/div><\/div><\/li><\/ul>\t\t\t\t<\/div>\n\t\t\t\t<\/div>\n\t\t\t\t\t<\/div>\n\t\t\t\t<\/div>\n\t\t<div class=\"elementor-element elementor-element-e269ad8 e-flex e-con-boxed lakit-col-width-auto-no e-container e-root-container elementor-top-section e-con e-parent\" data-id=\"e269ad8\" data-element_type=\"container\" data-settings=\"{&quot;background_background&quot;:&quot;classic&quot;}\">\n\t\t\t\t\t<div class=\"e-con-inner\">\n\t\t<div class=\"elementor-element elementor-element-8030c73 e-con-full e-flex lakit-col-width-auto-no e-container e-con e-child\" data-id=\"8030c73\" data-element_type=\"container\">\n\t\t\t\t<div class=\"elementor-element elementor-element-bf94efb elementor-widget elementor-widget-image\" data-id=\"bf94efb\" data-element_type=\"widget\" data-widget_type=\"image.default\">\n\t\t\t\t<div class=\"elementor-widget-container\">\n\t\t\t\t\t\t\t\t\t\t\t\t\t\t\t<img decoding=\"async\" width=\"720\" height=\"1080\" src=\"https:\/\/petelinbled.com\/wp-content\/uploads\/2025\/07\/DSC01169-Edit.jpg\" class=\"attachment-full size-full wp-image-4219\" alt=\"\" \/>\t\t\t\t\t\t\t\t\t\t\t\t\t\t\t<\/div>\n\t\t\t\t<\/div>\n\t\t\t\t<\/div>\n\t\t<div class=\"elementor-element elementor-element-e10465b e-con-full e-flex lakit-col-width-auto-no e-container e-con e-child\" data-id=\"e10465b\" data-element_type=\"container\">\n\t\t\t\t<div class=\"elementor-element elementor-element-053352b elementor-widget elementor-widget-heading\" data-id=\"053352b\" data-element_type=\"widget\" data-widget_type=\"heading.default\">\n\t\t\t\t<div class=\"elementor-widget-container\">\n\t\t\t\t\t<div class=\"elementor-heading-title elementor-size-default\">Spezialpizzas<\/div>\t\t\t\t<\/div>\n\t\t\t\t<\/div>\n\t\t\t\t<div class=\"elementor-element elementor-element-987d1c3 elementor-widget lastudio-kit elementor-lakit-price-list\" data-id=\"987d1c3\" data-element_type=\"widget\" data-widget_type=\"lakit-price-list.default\">\n\t\t\t\t\t\n<ul class=\"lakit-price-list\"><li class=\"price-list__item\"><div class=\"price-list__item-inner\"><div class=\"price-list__item-content\"><div class=\"price-list__item-title__wrapper\"><div class=\"price-list__item-title h4 theme-heading\">Mortadella<\/div><\/div><div class=\"price-list__item-desc\">Pistaziencreme, Mozzarella, Mortadella Bologna mit Pistazien, Burrata, Basilikum, Oliven\u00f6l, gehackte Pistazien.<\/div><\/div><div class=\"price-list__item-price\">13.90 EUR<\/div><\/div><\/li><li class=\"price-list__item\"><div class=\"price-list__item-inner\"><div class=\"price-list__item-content\"><div class=\"price-list__item-title__wrapper\"><div class=\"price-list__item-title h4 theme-heading\">Bresaola<\/div><\/div><div class=\"price-list__item-desc\">Tomatensauce, Mozzarella, Parmesan, Rucola, Bresaola, Parmesansp\u00e4ne, Cherrytomaten, Balsamicoglasur, Oliven\u00f6l.<\/div><\/div><div class=\"price-list__item-price\">15.20 EUR<\/div><\/div><\/li><li class=\"price-list__item\"><div class=\"price-list__item-inner\"><div class=\"price-list__item-content\"><div class=\"price-list__item-title__wrapper\"><div class=\"price-list__item-title h4 theme-heading\">Crudo<\/div><\/div><div class=\"price-list__item-desc\">Tomatensauce, Mozzarella, Parmesan, Prosciutto, Burrata, Basilikum, Oliven\u00f6l.<\/div><\/div><div class=\"price-list__item-price\">14.90 EUR<\/div><\/div><\/li><li class=\"price-list__item\"><div class=\"price-list__item-inner\"><div class=\"price-list__item-content\"><div class=\"price-list__item-title__wrapper\"><div class=\"price-list__item-title h4 theme-heading\">Petelin<\/div><\/div><div class=\"price-list__item-desc\">Tomatensauce, Mozzarella, Parmesan, scharfe Salami, 'nduja, s\u00fc\u00df-saure Peperoni, Stracciatella, Basilikum, Oliven\u00f6l.<\/div><\/div><div class=\"price-list__item-price\">14.10 EUR<\/div><\/div><\/li><li class=\"price-list__item\"><div class=\"price-list__item-inner\"><div class=\"price-list__item-content\"><div class=\"price-list__item-title__wrapper\"><div class=\"price-list__item-title h4 theme-heading\">Pokljuka<\/div><\/div><div class=\"price-list__item-desc\">Tomatensauce, Mozzarella, Parmesan, Steinpilze, Pancetta, Basilikum, Oliven\u00f6l.<\/div><\/div><div class=\"price-list__item-price\">14.90 EUR<\/div><\/div><\/li><\/ul>\t\t\t\t<\/div>\n\t\t\t\t<\/div>\n\t\t\t\t\t<\/div>\n\t\t\t\t<\/div>\n\t\t<div class=\"elementor-element elementor-element-fad2158 e-flex e-con-boxed lakit-col-width-auto-no e-container e-root-container elementor-top-section e-con e-parent\" data-id=\"fad2158\" data-element_type=\"container\">\n\t\t\t\t\t<div class=\"e-con-inner\">\n\t\t<div class=\"elementor-element elementor-element-f2ba7b1 e-con-full e-flex lakit-col-width-auto-no e-container e-con e-child\" data-id=\"f2ba7b1\" data-element_type=\"container\">\n\t\t\t\t<div class=\"elementor-element elementor-element-5c5ebf6 elementor-widget elementor-widget-image\" data-id=\"5c5ebf6\" data-element_type=\"widget\" data-widget_type=\"image.default\">\n\t\t\t\t<div class=\"elementor-widget-container\">\n\t\t\t\t\t\t\t\t\t\t\t\t\t\t\t<img decoding=\"async\" width=\"720\" height=\"1080\" src=\"https:\/\/petelinbled.com\/wp-content\/uploads\/2025\/07\/DSC00763.jpg\" class=\"attachment-full size-full wp-image-4221\" alt=\"\" \/>\t\t\t\t\t\t\t\t\t\t\t\t\t\t\t<\/div>\n\t\t\t\t<\/div>\n\t\t\t\t<\/div>\n\t\t<div class=\"elementor-element elementor-element-fc57784 e-con-full e-flex lakit-col-width-auto-no e-container e-con e-child\" data-id=\"fc57784\" data-element_type=\"container\">\n\t\t\t\t<div class=\"elementor-element elementor-element-8324801 elementor-widget lastudio-kit elementor-lakit-price-list\" data-id=\"8324801\" data-element_type=\"widget\" data-widget_type=\"lakit-price-list.default\">\n\t\t\t\t\t\n<ul class=\"lakit-price-list\"><li class=\"price-list__item\"><div class=\"price-list__item-inner\"><div class=\"price-list__item-content\"><div class=\"price-list__item-title__wrapper\"><div class=\"price-list__item-title h4 theme-heading\">Mexico<\/div><\/div><div class=\"price-list__item-desc\">Salsa, Mozzarella, Hamburger Speck, gegrilltes Gem\u00fcse (Paprika, Zucchini, Auberginen), Nachok\u00e4se, Cherrytomaten.<\/div><\/div><div class=\"price-list__item-price\">14.10 EUR<\/div><\/div><\/li><li class=\"price-list__item\"><div class=\"price-list__item-inner\"><div class=\"price-list__item-content\"><div class=\"price-list__item-title__wrapper\"><div class=\"price-list__item-title h4 theme-heading\">Michael<\/div><\/div><div class=\"price-list__item-desc\">Tomatensauce, Parmesan, gekochter Schinken, Ei-Dressing, frischer Mangold, Gorgonzola, Oliven\u00f6l.<\/div><\/div><div class=\"price-list__item-price\">13.90 EUR<\/div><\/div><\/li><li class=\"price-list__item\"><div class=\"price-list__item-inner\"><div class=\"price-list__item-content\"><div class=\"price-list__item-title__wrapper\"><div class=\"price-list__item-title h4 theme-heading\">Vegan<\/div><\/div><div class=\"price-list__item-desc\">Tomatensauce, veganer K\u00e4se, gegrilltes Gem\u00fcse (Paprika, Zucchini, Auberginen), frische Champignons, Cherrytomaten, Balsamicoglasur.<\/div><\/div><div class=\"price-list__item-price\">15.50 EUR<\/div><\/div><\/li><li class=\"price-list__item\"><div class=\"price-list__item-inner\"><div class=\"price-list__item-content\"><div class=\"price-list__item-title__wrapper\"><div class=\"price-list__item-title h4 theme-heading\">Tim<\/div><\/div><div class=\"price-list__item-desc\">Tomatensauce, Mozzarella, Parmesan, ger\u00e4ucherter Schweinenacken, Kren,\ngebackene Paprika<\/div><\/div><div class=\"price-list__item-price\">13.90 EUR<\/div><\/div><\/li><\/ul>\t\t\t\t<\/div>\n\t\t\t\t<\/div>\n\t\t\t\t\t<\/div>\n\t\t\t\t<\/div>\n\t\t<div class=\"elementor-element elementor-element-e948368 e-con-full elementor-hidden-desktop elementor-hidden-laptop elementor-hidden-tablet elementor-hidden-mobile_extra elementor-hidden-mobile e-flex lakit-col-width-auto-no e-container e-root-container elementor-top-section e-con e-parent\" data-id=\"e948368\" data-element_type=\"container\" data-settings=\"{&quot;background_background&quot;:&quot;classic&quot;}\">\n\t\t<div class=\"elementor-element elementor-element-e754a0c e-con-full e-flex lakit-col-width-auto-no e-container e-con e-child\" data-id=\"e754a0c\" data-element_type=\"container\">\n\t\t\t\t<div class=\"elementor-element elementor-element-0c31c00 elementor-widget__width-inherit elementor-widget elementor-widget-heading\" data-id=\"0c31c00\" data-element_type=\"widget\" data-widget_type=\"heading.default\">\n\t\t\t\t<div class=\"elementor-widget-container\">\n\t\t\t\t\t<div class=\"elementor-heading-title elementor-size-default\">VISIT US:<\/div>\t\t\t\t<\/div>\n\t\t\t\t<\/div>\n\t\t\t\t<div class=\"elementor-element elementor-element-cee6e24 elementor-align-center elementor-icon-list--layout-traditional elementor-list-item-link-full_width elementor-widget elementor-widget-icon-list\" data-id=\"cee6e24\" data-element_type=\"widget\" data-widget_type=\"icon-list.default\">\n\t\t\t\t<div class=\"elementor-widget-container\">\n\t\t\t\t\t\t\t<ul class=\"elementor-icon-list-items\">\n\t\t\t\t\t\t\t<li class=\"elementor-icon-list-item\">\n\t\t\t\t\t\t\t\t\t\t<span class=\"elementor-icon-list-text\">4517 Washington Ave. Manchester, Kentucky 39495<\/span>\n\t\t\t\t\t\t\t\t\t<\/li>\n\t\t\t\t\t\t\t\t<li class=\"elementor-icon-list-item\">\n\t\t\t\t\t\t\t\t\t\t<span class=\"elementor-icon-list-text\">2464 Royal Ln. Mesa, New Jersey 45463<\/span>\n\t\t\t\t\t\t\t\t\t<\/li>\n\t\t\t\t\t\t<\/ul>\n\t\t\t\t\t\t<\/div>\n\t\t\t\t<\/div>\n\t\t\t\t<div class=\"elementor-element elementor-element-a3c6bcc elementor-widget__width-inherit elementor-widget elementor-widget-heading\" data-id=\"a3c6bcc\" data-element_type=\"widget\" data-widget_type=\"heading.default\">\n\t\t\t\t<div class=\"elementor-widget-container\">\n\t\t\t\t\t<div class=\"elementor-heading-title elementor-size-default\">CONTACT:<\/div>\t\t\t\t<\/div>\n\t\t\t\t<\/div>\n\t\t\t\t<div class=\"elementor-element elementor-element-f163bb3 elementor-icon-list--layout-inline elementor-align-center elementor-list-item-link-full_width elementor-widget elementor-widget-icon-list\" data-id=\"f163bb3\" data-element_type=\"widget\" data-widget_type=\"icon-list.default\">\n\t\t\t\t<div class=\"elementor-widget-container\">\n\t\t\t\t\t\t\t<ul class=\"elementor-icon-list-items elementor-inline-items\">\n\t\t\t\t\t\t\t<li class=\"elementor-icon-list-item elementor-inline-item\">\n\t\t\t\t\t\t\t\t\t\t\t<a href=\"#\">\n\n\t\t\t\t\t\t\t\t\t\t\t<span class=\"elementor-icon-list-text\">(303) 555-0105<\/span>\n\t\t\t\t\t\t\t\t\t\t\t<\/a>\n\t\t\t\t\t\t\t\t\t<\/li>\n\t\t\t\t\t\t\t\t<li class=\"elementor-icon-list-item elementor-inline-item\">\n\t\t\t\t\t\t\t\t\t\t\t<a href=\"#\">\n\n\t\t\t\t\t\t\t\t\t\t\t<span class=\"elementor-icon-list-text\">(702) 555-0122<\/span>\n\t\t\t\t\t\t\t\t\t\t\t<\/a>\n\t\t\t\t\t\t\t\t\t<\/li>\n\t\t\t\t\t\t<\/ul>\n\t\t\t\t\t\t<\/div>\n\t\t\t\t<\/div>\n\t\t\t\t<div class=\"elementor-element elementor-element-4867503 elementor-widget__width-inherit elementor-widget elementor-widget-heading\" data-id=\"4867503\" data-element_type=\"widget\" data-widget_type=\"heading.default\">\n\t\t\t\t<div class=\"elementor-widget-container\">\n\t\t\t\t\t<div class=\"elementor-heading-title elementor-size-default\">EMAIL:<\/div>\t\t\t\t<\/div>\n\t\t\t\t<\/div>\n\t\t\t\t<div class=\"elementor-element elementor-element-0890d76 elementor-align-center elementor-icon-list--layout-traditional elementor-list-item-link-full_width elementor-widget elementor-widget-icon-list\" data-id=\"0890d76\" data-element_type=\"widget\" data-widget_type=\"icon-list.default\">\n\t\t\t\t<div class=\"elementor-widget-container\">\n\t\t\t\t\t\t\t<ul class=\"elementor-icon-list-items\">\n\t\t\t\t\t\t\t<li class=\"elementor-icon-list-item\">\n\t\t\t\t\t\t\t\t\t\t\t<a href=\"#\">\n\n\t\t\t\t\t\t\t\t\t\t\t<span class=\"elementor-icon-list-text\">Info@la-studioweb.com<\/span>\n\t\t\t\t\t\t\t\t\t\t\t<\/a>\n\t\t\t\t\t\t\t\t\t<\/li>\n\t\t\t\t\t\t<\/ul>\n\t\t\t\t\t\t<\/div>\n\t\t\t\t<\/div>\n\t\t\t\t<\/div>\n\t\t<div class=\"elementor-element elementor-element-65d8684 e-con-full e-flex lakit-col-width-auto-no e-container e-con e-child\" data-id=\"65d8684\" data-element_type=\"container\">\n\t\t\t\t<div class=\"elementor-element elementor-element-66c88e1 elementor-widget lastudio-kit elementor-lakit-google-maps\" data-id=\"66c88e1\" data-element_type=\"widget\" data-widget_type=\"lakit-google-maps.default\">\n\t\t\t\t\t<div class=\"lakit-gmap lakit-gmap-message\"><div class=\"lakit-gmap-message__dammy-map\"><\/div><span class=\"lakit-gmap-message__text\">Please set Google maps API key before using this widget.<\/span><\/div>\t\t\t\t<\/div>\n\t\t\t\t<\/div>\n\t\t\t\t<\/div>\n\t\t\t\t<\/div>\n\t\t","protected":false},"excerpt":{"rendered":"<p>PIZZEN PIZZEN Klassische Pizzen GradTomatensauce, Mozzarella, Parmesan, gekochter Schinken (Typ Praga), frische Champignons, Oliven\u00f6l, Basilikum.12.40 EUR MargheritaTomatensauce, Mozzarella, Parmesan, Oliven\u00f6l, Basilikum.10.30 EUR SalamiTomatensauce, Mozzarella, luftgetrocknete Salami, Oliven\u00f6l.12.40 EUR TonnoTomatensauce, Mozzarella, Parmesan, Thunfisch, Cherrytomaten, rote Zwiebel, Oregano.13.90 EUR 4 K\u00e4seMozzarella, Parmesan, Nachok\u00e4se, Gorgonzola, Oliven\u00f6l.13.50 EUR VegeTomatensauce, Mozzarella, Parmesan, gegrilltes Gem\u00fcse (Paprika, Zucchini,&hellip;<\/p>\n","protected":false},"author":1,"featured_media":0,"parent":0,"menu_order":0,"comment_status":"closed","ping_status":"closed","template":"","meta":{"footnotes":""},"class_list":["post-4253","page","type-page","status-publish","hentry"],"_links":{"self":[{"href":"https:\/\/petelinbled.com\/de\/wp-json\/wp\/v2\/pages\/4253","targetHints":{"allow":["GET"]}}],"collection":[{"href":"https:\/\/petelinbled.com\/de\/wp-json\/wp\/v2\/pages"}],"about":[{"href":"https:\/\/petelinbled.com\/de\/wp-json\/wp\/v2\/types\/page"}],"author":[{"embeddable":true,"href":"https:\/\/petelinbled.com\/de\/wp-json\/wp\/v2\/users\/1"}],"replies":[{"embeddable":true,"href":"https:\/\/petelinbled.com\/de\/wp-json\/wp\/v2\/comments?post=4253"}],"version-history":[{"count":19,"href":"https:\/\/petelinbled.com\/de\/wp-json\/wp\/v2\/pages\/4253\/revisions"}],"predecessor-version":[{"id":4656,"href":"https:\/\/petelinbled.com\/de\/wp-json\/wp\/v2\/pages\/4253\/revisions\/4656"}],"wp:attachment":[{"href":"https:\/\/petelinbled.com\/de\/wp-json\/wp\/v2\/media?parent=4253"}],"curies":[{"name":"wp","href":"https:\/\/api.w.org\/{rel}","templated":true}]}}